{"id":1546,"date":"2013-10-08T13:39:25","date_gmt":"2013-10-08T13:39:25","guid":{"rendered":"http:\/\/us-themes.com\/wp\/Astra\/?page_id=1546"},"modified":"2026-02-20T16:27:47","modified_gmt":"2026-02-20T19:27:47","slug":"home-fullscreen-slider","status":"publish","type":"page","link":"https:\/\/depilsoft.com.br\/index\/","title":{"rendered":"Home &#8211; Fullscreen Slider"},"content":{"rendered":"<div class=\"l-submain full_width full_height\"><div class=\"l-submain-h g-html i-cf\"><div class=\"g-cols offset_default\"><div class=\"full-width\"><div class=\"wpb_revslider_element wpb_content_element\">\n<div id=\"rev_slider_1_1_wrapper\" class=\"rev_slider_wrapper fullwidthbanner-container\" style=\"margin:0px auto;background-color:#E9E9E9;padding:0px;margin-top:0px;margin-bottom:0px;max-height:700px;\">\n<!-- START REVOLUTION SLIDER 4.6.5 fullwidth mode -->\n\t<div id=\"rev_slider_1_1\" class=\"rev_slider fullwidthabanner\" style=\"display:none;max-height:700px;height:700px;\">\n<ul>\t<!-- SLIDE  -->\n\t<li data-transition=\"random\" data-slotamount=\"7\" data-masterspeed=\"300\"  data-saveperformance=\"off\" >\n\t\t<!-- MAIN IMAGE -->\n\t\t<img src=\"https:\/\/depilsoft.com.br\/index\/wp-content\/uploads\/2019\/08\/052.png\"  alt=\"052\"  data-bgposition=\"center top\" data-bgfit=\"cover\" data-bgrepeat=\"no-repeat\">\n\t\t<!-- LAYERS -->\n\t<\/li>\n\t<!-- SLIDE  -->\n\t<li data-transition=\"random\" data-slotamount=\"7\"  data-saveperformance=\"off\" >\n\t\t<!-- MAIN IMAGE -->\n\t\t<img src=\"https:\/\/depilsoft.com.br\/index\/wp-content\/uploads\/2019\/09\/07.png\"  alt=\"07\"  data-bgposition=\"center top\" data-bgfit=\"cover\" data-bgrepeat=\"no-repeat\">\n\t\t<!-- LAYERS -->\n\t<\/li>\n\t<!-- SLIDE  -->\n\t<li data-transition=\"random\" data-slotamount=\"7\" data-masterspeed=\"300\"  data-saveperformance=\"off\" >\n\t\t<!-- MAIN IMAGE -->\n\t\t<img src=\"https:\/\/depilsoft.com.br\/index\/wp-content\/uploads\/2019\/08\/031.png\"  alt=\"031\"  data-bgposition=\"center top\" data-bgfit=\"cover\" data-bgrepeat=\"no-repeat\">\n\t\t<!-- LAYERS -->\n\t<\/li>\n\t<!-- SLIDE  -->\n\t<li data-transition=\"random\" data-slotamount=\"7\" data-masterspeed=\"300\"  data-saveperformance=\"off\" >\n\t\t<!-- MAIN IMAGE -->\n\t\t<img src=\"https:\/\/depilsoft.com.br\/index\/wp-content\/uploads\/2019\/08\/04.png\"  alt=\"04\"  data-bgposition=\"center top\" data-bgfit=\"cover\" data-bgrepeat=\"no-repeat\">\n\t\t<!-- LAYERS -->\n\n\t\t<!-- LAYER NR. 1 -->\n\t\t<div class=\"tp-caption black tp-fade tp-resizeme\" \n\t\t\t data-x=\"100\" \n\t\t\t data-y=\"100\"  \n\t\t\tdata-speed=\"300\" \n\t\t\tdata-start=\"500\" \n\t\t\tdata-easing=\"Power3.easeInOut\" \n\t\t\tdata-splitin=\"none\" \n\t\t\tdata-splitout=\"none\" \n\t\t\tdata-elementdelay=\"0.1\" \n\t\t\tdata-endelementdelay=\"0.1\" \n\t\t\t data-endspeed=\"300\" \n\n\t\t\tstyle=\"z-index: 5; max-width: ; max-height: ; white-space: nowrap;\">Caption Text1 \n\t\t<\/div>\n\n\t\t<!-- LAYER NR. 2 -->\n\t\t<div class=\"tp-caption tp-fade\" \n\t\t\t data-x=\"1065\" \n\t\t\t data-y=\"475\"  \n\t\t\tdata-speed=\"300\" \n\t\t\tdata-start=\"500\" \n\t\t\tdata-easing=\"Power3.easeInOut\" \n\t\t\tdata-elementdelay=\"0.1\" \n\t\t\tdata-endelementdelay=\"0.1\" \n\t\t\t data-endspeed=\"300\" \n\n\t\t\tstyle=\"z-index: 6;\"><a href=\"https:\/\/www.facebook.com\/DepilSoft\/\"><img src=\"https:\/\/depilsoft.com.br\/index\/wp-content\/uploads\/2019\/08\/face.png\" alt=\"\"><\/a> \n\t\t<\/div>\n\n\t\t<!-- LAYER NR. 3 -->\n\t\t<div class=\"tp-caption tp-fade\" \n\t\t\t data-x=\"1142\" \n\t\t\t data-y=\"472\"  \n\t\t\tdata-speed=\"300\" \n\t\t\tdata-start=\"500\" \n\t\t\tdata-easing=\"Power3.easeInOut\" \n\t\t\tdata-elementdelay=\"0.1\" \n\t\t\tdata-endelementdelay=\"0.1\" \n\t\t\t data-endspeed=\"300\" \n\n\t\t\tstyle=\"z-index: 7;\"><a href=\"https:\/\/www.instagram.com\/depilsoft_oficial\/\"><img src=\"https:\/\/depilsoft.com.br\/index\/wp-content\/uploads\/2019\/08\/insta.png\" alt=\"\"><\/a> \n\t\t<\/div>\n\n\t\t<!-- LAYER NR. 4 -->\n\t\t<div class=\"tp-caption tp-fade\" \n\t\t\t data-x=\"1219\" \n\t\t\t data-y=\"473\"  \n\t\t\tdata-speed=\"300\" \n\t\t\tdata-start=\"500\" \n\t\t\tdata-easing=\"Power3.easeInOut\" \n\t\t\tdata-elementdelay=\"0.1\" \n\t\t\tdata-endelementdelay=\"0.1\" \n\t\t\t data-endspeed=\"300\" \n\n\t\t\tstyle=\"z-index: 8;\"><a href=\"https:\/\/api.whatsapp.com\/send?phone=5591982487870&text=Ol%C3%A1%2C%20Bem%20vindo%20a%20Depil%20Soft\"><img src=\"https:\/\/depilsoft.com.br\/index\/wp-content\/uploads\/2019\/08\/zap.png\" alt=\"\"><\/a> \n\t\t<\/div>\n\t<\/li>\n<\/ul>\n<div class=\"tp-bannertimer\"><\/div>\t<\/div>\n\t\t\t\n\n\t\t\t<style scoped>.tp-caption.black,.black{color:#000;text-shadow:none}<\/style>\n\n\t\t\t<script type=\"text\/javascript\">\n\n\t\t\t\t\/******************************************\n\t\t\t\t\t-\tPREPARE PLACEHOLDER FOR SLIDER\t-\n\t\t\t\t******************************************\/\n\t\t\t\t\n\n\t\t\t\tvar setREVStartSize = function() {\n\t\t\t\t\tvar\ttpopt = new Object();\n\t\t\t\t\t\ttpopt.startwidth = 1500;\n\t\t\t\t\t\ttpopt.startheight = 700;\n\t\t\t\t\t\ttpopt.container = jQuery('#rev_slider_1_1');\n\t\t\t\t\t\ttpopt.fullScreen = \"off\";\n\t\t\t\t\t\ttpopt.forceFullWidth=\"off\";\n\n\t\t\t\t\ttpopt.container.closest(\".rev_slider_wrapper\").css({height:tpopt.container.height()});tpopt.width=parseInt(tpopt.container.width(),0);tpopt.height=parseInt(tpopt.container.height(),0);tpopt.bw=tpopt.width\/tpopt.startwidth;tpopt.bh=tpopt.height\/tpopt.startheight;if(tpopt.bh>tpopt.bw)tpopt.bh=tpopt.bw;if(tpopt.bh<tpopt.bw)tpopt.bw=tpopt.bh;if(tpopt.bw<tpopt.bh)tpopt.bh=tpopt.bw;if(tpopt.bh>1){tpopt.bw=1;tpopt.bh=1}if(tpopt.bw>1){tpopt.bw=1;tpopt.bh=1}tpopt.height=Math.round(tpopt.startheight*(tpopt.width\/tpopt.startwidth));if(tpopt.height>tpopt.startheight&&tpopt.autoHeight!=\"on\")tpopt.height=tpopt.startheight;if(tpopt.fullScreen==\"on\"){tpopt.height=tpopt.bw*tpopt.startheight;var cow=tpopt.container.parent().width();var coh=jQuery(window).height();if(tpopt.fullScreenOffsetContainer!=undefined){try{var offcontainers=tpopt.fullScreenOffsetContainer.split(\",\");jQuery.each(offcontainers,function(e,t){coh=coh-jQuery(t).outerHeight(true);if(coh<tpopt.minFullScreenHeight)coh=tpopt.minFullScreenHeight})}catch(e){}}tpopt.container.parent().height(coh);tpopt.container.height(coh);tpopt.container.closest(\".rev_slider_wrapper\").height(coh);tpopt.container.closest(\".forcefullwidth_wrapper_tp_banner\").find(\".tp-fullwidth-forcer\").height(coh);tpopt.container.css({height:\"100%\"});tpopt.height=coh;}else{tpopt.container.height(tpopt.height);tpopt.container.closest(\".rev_slider_wrapper\").height(tpopt.height);tpopt.container.closest(\".forcefullwidth_wrapper_tp_banner\").find(\".tp-fullwidth-forcer\").height(tpopt.height);}\n\t\t\t\t};\n\n\t\t\t\t\/* CALL PLACEHOLDER *\/\n\t\t\t\tsetREVStartSize();\n\n\n\t\t\t\tvar tpj=jQuery;\n\t\t\t\ttpj.noConflict();\n\t\t\t\tvar revapi1;\n\n\t\t\t\ttpj(document).ready(function() {\n\n\t\t\t\tif(tpj('#rev_slider_1_1').revolution == undefined){\n\t\t\t\t\trevslider_showDoubleJqueryError('#rev_slider_1_1');\n\t\t\t\t}else{\n\t\t\t\t   revapi1 = tpj('#rev_slider_1_1').show().revolution(\n\t\t\t\t\t{\t\n\t\t\t\t\t\t\t\t\t\t\t\tdottedOverlay:\"none\",\n\t\t\t\t\t\tdelay:9000,\n\t\t\t\t\t\tstartwidth:1500,\n\t\t\t\t\t\tstartheight:700,\n\t\t\t\t\t\thideThumbs:200,\n\n\t\t\t\t\t\tthumbWidth:100,\n\t\t\t\t\t\tthumbHeight:50,\n\t\t\t\t\t\tthumbAmount:4,\n\t\t\t\t\t\t\n\t\t\t\t\t\t\t\t\t\t\t\t\n\t\t\t\t\t\tsimplifyAll:\"off\",\n\n\t\t\t\t\t\tnavigationType:\"bullet\",\n\t\t\t\t\t\tnavigationArrows:\"solo\",\n\t\t\t\t\t\tnavigationStyle:\"round\",\n\n\t\t\t\t\t\ttouchenabled:\"on\",\n\t\t\t\t\t\tonHoverStop:\"on\",\n\t\t\t\t\t\tnextSlideOnWindowFocus:\"off\",\n\n\t\t\t\t\t\tswipe_threshold: 75,\n\t\t\t\t\t\tswipe_min_touches: 1,\n\t\t\t\t\t\tdrag_block_vertical: false,\n\t\t\t\t\t\t\n\t\t\t\t\t\t\t\t\t\t\t\t\n\t\t\t\t\t\t\t\t\t\t\t\t\n\t\t\t\t\t\tkeyboardNavigation:\"off\",\n\n\t\t\t\t\t\tnavigationHAlign:\"center\",\n\t\t\t\t\t\tnavigationVAlign:\"bottom\",\n\t\t\t\t\t\tnavigationHOffset:0,\n\t\t\t\t\t\tnavigationVOffset:20,\n\n\t\t\t\t\t\tsoloArrowLeftHalign:\"left\",\n\t\t\t\t\t\tsoloArrowLeftValign:\"center\",\n\t\t\t\t\t\tsoloArrowLeftHOffset:20,\n\t\t\t\t\t\tsoloArrowLeftVOffset:0,\n\n\t\t\t\t\t\tsoloArrowRightHalign:\"right\",\n\t\t\t\t\t\tsoloArrowRightValign:\"center\",\n\t\t\t\t\t\tsoloArrowRightHOffset:20,\n\t\t\t\t\t\tsoloArrowRightVOffset:0,\n\n\t\t\t\t\t\tshadow:0,\n\t\t\t\t\t\tfullWidth:\"on\",\n\t\t\t\t\t\tfullScreen:\"off\",\n\n\t\t\t\t\t\t\t\t\t\t\t\tspinner:\"spinner0\",\n\t\t\t\t\t\t\t\t\t\t\t\t\n\t\t\t\t\t\tstopLoop:\"off\",\n\t\t\t\t\t\tstopAfterLoops:-1,\n\t\t\t\t\t\tstopAtSlide:-1,\n\n\t\t\t\t\t\tshuffle:\"off\",\n\n\t\t\t\t\t\tautoHeight:\"off\",\n\t\t\t\t\t\tforceFullWidth:\"off\",\n\t\t\t\t\t\t\n\t\t\t\t\t\t\n\t\t\t\t\t\t\n\t\t\t\t\t\thideThumbsOnMobile:\"off\",\n\t\t\t\t\t\thideNavDelayOnMobile:1500,\n\t\t\t\t\t\thideBulletsOnMobile:\"off\",\n\t\t\t\t\t\thideArrowsOnMobile:\"off\",\n\t\t\t\t\t\thideThumbsUnderResolution:0,\n\n\t\t\t\t\t\t\t\t\t\t\t\thideSliderAtLimit:0,\n\t\t\t\t\t\thideCaptionAtLimit:0,\n\t\t\t\t\t\thideAllCaptionAtLilmit:0,\n\t\t\t\t\t\tstartWithSlide:0\t\t\t\t\t});\n\n\n\n\t\t\t\t\t\t\t\t\t}\n\t\t\t\t});\t\/*ready*\/\n\n\t\t\t<\/script>\n\n\n\t\t\t<\/div><!-- END REVOLUTION SLIDER --><\/div>\n<\/div><\/div><\/div><\/div><div class=\"l-submain\"><div class=\"l-submain-h g-html i-cf\"><div class=\"g-cols offset_default\"><div class=\"one-third\"><div class=\"w-iconbox custom_img iconpos_left\">\n\t\t\t\t\t\t<span class=\"w-iconbox-nolink\">\n\t\t\t\t\t\t<div class=\"w-iconbox-icon\">\n\t\t\t\t\t\t\t<i class=\"fa fa-star\"><\/i><img src=\"https:\/\/depilsoft.com.br\/index\/wp-content\/uploads\/2013\/10\/cera.png\" alt=\"\">\t<\/div>\n\t\t\t\t\t\t<h4 class=\"w-iconbox-title\">Cera 100% Natural<\/h4>\n\t\t\t\t\t\t<\/span>\n\t\t\t\t\t\t<div class=\"w-iconbox-text\">\n\t\t\t\t\t\t\t<p>N\u00e3o agride a pele e deixa sensa\u00e7\u00f5es de leveza.<\/p>\n\t\t\t\t\t\t<\/div>\n\t\t\t\t\t<\/div><\/div><div class=\"one-third\"><div class=\"w-iconbox custom_img iconpos_left\">\n\t\t\t\t\t\t<span class=\"w-iconbox-nolink\">\n\t\t\t\t\t\t<div class=\"w-iconbox-icon\">\n\t\t\t\t\t\t\t<i class=\"fa fa-star\"><\/i><img src=\"https:\/\/depilsoft.com.br\/index\/wp-content\/uploads\/2013\/10\/mas-fem.png\" alt=\"\">\t<\/div>\n\t\t\t\t\t\t<h4 class=\"w-iconbox-title\">Atendimento <\/h4>\n\t\t\t\t\t\t<\/span>\n\t\t\t\t\t\t<div class=\"w-iconbox-text\">\n\t\t\t\t\t\t\t<p>Atendimento personalizado masculino e feminino.<\/p>\n\t\t\t\t\t\t<\/div>\n\t\t\t\t\t<\/div><\/div><div class=\"one-third\"><div class=\"w-iconbox custom_img iconpos_left\">\n\t\t\t\t\t\t<span class=\"w-iconbox-nolink\">\n\t\t\t\t\t\t<div class=\"w-iconbox-icon\">\n\t\t\t\t\t\t\t<i class=\"fa fa-star\"><\/i><img src=\"https:\/\/depilsoft.com.br\/index\/wp-content\/uploads\/2013\/10\/frio.png\" alt=\"\">\t<\/div>\n\t\t\t\t\t\t<h4 class=\"w-iconbox-title\">Cabines climatizadas<\/h4>\n\t\t\t\t\t\t<\/span>\n\t\t\t\t\t\t<div class=\"w-iconbox-text\">\n\t\t\t\t\t\t\t<p>Para seu maior conforto, nossas cabines s\u00e3o climatizadas e INDIVIDUAIS.<\/p>\n\t\t\t\t\t\t<\/div>\n\t\t\t\t\t<\/div><\/div><\/div><div class=\"g-cols offset_default\"><div class=\"full-width\"><div class=\"vc_empty_space\"  style=\"height: 32px\" ><span class=\"vc_empty_space_inner\"><\/span><\/div>\n\n\n\t<div class=\"wpb_single_image wpb_content_element animate_aft d2 align_center\">\n\t\t<div class=\"wpb_wrapper\">\n\t\t\t<img width=\"715\" height=\"120\" src=\"https:\/\/depilsoft.com.br\/index\/wp-content\/uploads\/2013\/10\/+conforto2.png\" class=\"attachment-full size-full\" alt=\"\" loading=\"lazy\" srcset=\"https:\/\/depilsoft.com.br\/index\/wp-content\/uploads\/2013\/10\/+conforto2.png 715w, https:\/\/depilsoft.com.br\/index\/wp-content\/uploads\/2013\/10\/+conforto2-300x50.png 300w, https:\/\/depilsoft.com.br\/index\/wp-content\/uploads\/2013\/10\/+conforto2-600x100.png 600w, https:\/\/depilsoft.com.br\/index\/wp-content\/uploads\/2013\/10\/+conforto2-150x25.png 150w\" sizes=\"(max-width: 715px) 100vw, 715px\" \/>\n\t\t<\/div> \n\t<\/div> <\/div><\/div><\/div><\/div><div class=\"l-submain full_width full_height\"><div class=\"l-submain-h g-html i-cf\"><div class=\"g-cols offset_default\"><div class=\"full-width\">\n\t<div class=\"wpb_single_image wpb_content_element align_center\">\n\t\t<div class=\"wpb_wrapper\">\n\t\t\t<img width=\"1494\" height=\"698\" src=\"https:\/\/depilsoft.com.br\/index\/wp-content\/uploads\/2013\/10\/AMBIENTES.png\" class=\"attachment-full size-full\" alt=\"\" loading=\"lazy\" srcset=\"https:\/\/depilsoft.com.br\/index\/wp-content\/uploads\/2013\/10\/AMBIENTES.png 1494w, https:\/\/depilsoft.com.br\/index\/wp-content\/uploads\/2013\/10\/AMBIENTES-300x140.png 300w, https:\/\/depilsoft.com.br\/index\/wp-content\/uploads\/2013\/10\/AMBIENTES-1024x478.png 1024w, https:\/\/depilsoft.com.br\/index\/wp-content\/uploads\/2013\/10\/AMBIENTES-600x280.png 600w, https:\/\/depilsoft.com.br\/index\/wp-content\/uploads\/2013\/10\/AMBIENTES-150x70.png 150w\" sizes=\"(max-width: 1494px) 100vw, 1494px\" \/>\n\t\t<\/div> \n\t<\/div> <\/div><\/div><\/div><\/div><div class=\"l-submain full_width full_height\"><div class=\"l-submain-h g-html i-cf\"><div class=\"g-cols offset_default\"><div class=\"full-width\">\n\t<div class=\"wpb_single_image wpb_content_element align_center\">\n\t\t<div class=\"wpb_wrapper\">\n\t\t\t<img width=\"1500\" height=\"621\" src=\"https:\/\/depilsoft.com.br\/index\/wp-content\/uploads\/2013\/10\/servi\u00e7osfemininos3.png\" class=\"attachment-full size-full\" alt=\"\" loading=\"lazy\" srcset=\"https:\/\/depilsoft.com.br\/index\/wp-content\/uploads\/2013\/10\/servi\u00e7osfemininos3.png 1500w, https:\/\/depilsoft.com.br\/index\/wp-content\/uploads\/2013\/10\/servi\u00e7osfemininos3-300x124.png 300w, https:\/\/depilsoft.com.br\/index\/wp-content\/uploads\/2013\/10\/servi\u00e7osfemininos3-1024x423.png 1024w, https:\/\/depilsoft.com.br\/index\/wp-content\/uploads\/2013\/10\/servi\u00e7osfemininos3-600x248.png 600w, https:\/\/depilsoft.com.br\/index\/wp-content\/uploads\/2013\/10\/servi\u00e7osfemininos3-150x62.png 150w\" sizes=\"(max-width: 1500px) 100vw, 1500px\" \/>\n\t\t<\/div> \n\t<\/div> <div class=\"vc_empty_space\"  style=\"height: 32px\" ><span class=\"vc_empty_space_inner\"><\/span><\/div>\n\n<span class=\"wpb_button align_center\"><a href=\"https:\/\/depilsoft.com.br\/index\/wp-content\/uploads\/2026\/02\/TABELA-DE-PRECOS-COMPLETA-A4-2026.pdf\" target=\"_blank\" class=\"g-btn color_navy size_big outlined\"><span>Baixar tabela depila\u00e7\u00e3o<\/span><\/a><\/span>\n<div class=\"vc_empty_space\"  style=\"height: 32px\" ><span class=\"vc_empty_space_inner\"><\/span><\/div>\n\n<\/div><\/div><\/div><\/div><div class=\"l-submain full_width full_height\"><div class=\"l-submain-h g-html i-cf\"><div class=\"g-cols offset_default\"><div class=\"full-width\">\n\t<div class=\"wpb_single_image wpb_content_element align_center\">\n\t\t<div class=\"wpb_wrapper\">\n\t\t\t<img width=\"1512\" height=\"700\" src=\"https:\/\/depilsoft.com.br\/index\/wp-content\/uploads\/2013\/10\/bg-forman3.png\" class=\"attachment-full size-full\" alt=\"\" loading=\"lazy\" srcset=\"https:\/\/depilsoft.com.br\/index\/wp-content\/uploads\/2013\/10\/bg-forman3.png 1512w, https:\/\/depilsoft.com.br\/index\/wp-content\/uploads\/2013\/10\/bg-forman3-300x138.png 300w, https:\/\/depilsoft.com.br\/index\/wp-content\/uploads\/2013\/10\/bg-forman3-1024x474.png 1024w, https:\/\/depilsoft.com.br\/index\/wp-content\/uploads\/2013\/10\/bg-forman3-600x277.png 600w, https:\/\/depilsoft.com.br\/index\/wp-content\/uploads\/2013\/10\/bg-forman3-150x69.png 150w\" sizes=\"(max-width: 1512px) 100vw, 1512px\" \/>\n\t\t<\/div> \n\t<\/div> <span class=\"wpb_button align_center\"><a href=\"https:\/\/depilsoft.com.br\/index\/wp-content\/uploads\/2026\/02\/TABELA-DE-PRECOS-COMPLETA-A4-2026.pdf\" target=\"_blank\" class=\"g-btn color_navy size_big outlined\"><span>Baixar tabela depila\u00e7\u00e3o<\/span><\/a><\/span>\n<div class=\"vc_empty_space\"  style=\"height: 50px\" ><span class=\"vc_empty_space_inner\"><\/span><\/div>\n\n\n\t<div class=\"wpb_single_image wpb_content_element align_center\">\n\t\t<div class=\"wpb_wrapper\">\n\t\t\t<img width=\"1500\" height=\"552\" src=\"https:\/\/depilsoft.com.br\/index\/wp-content\/uploads\/2013\/10\/bg-formem2.png\" class=\"attachment-full size-full\" alt=\"\" loading=\"lazy\" srcset=\"https:\/\/depilsoft.com.br\/index\/wp-content\/uploads\/2013\/10\/bg-formem2.png 1500w, https:\/\/depilsoft.com.br\/index\/wp-content\/uploads\/2013\/10\/bg-formem2-300x110.png 300w, https:\/\/depilsoft.com.br\/index\/wp-content\/uploads\/2013\/10\/bg-formem2-1024x376.png 1024w, https:\/\/depilsoft.com.br\/index\/wp-content\/uploads\/2013\/10\/bg-formem2-600x220.png 600w, https:\/\/depilsoft.com.br\/index\/wp-content\/uploads\/2013\/10\/bg-formem2-150x55.png 150w\" sizes=\"(max-width: 1500px) 100vw, 1500px\" \/>\n\t\t<\/div> \n\t<\/div> <\/div><\/div><\/div><\/div><div class=\"l-submain full_width full_height parallax_ver\" id=\"section_176280\"><div class=\"l-submain-img\" style=\"background-image: url(https:\/\/depilsoft.com.br\/index\/wp-content\/uploads\/2013\/10\/IMG_6757.jpg);\"><\/div><div class=\"l-submain-overlay black_60\"><\/div><div class=\"l-submain-h g-html i-cf\"><div class=\"g-cols offset_default\"><div class=\"one-quarter\"><div class=\"g-hr no_icon\">\n\t\t\t\t\t\t<span class=\"g-hr-h\">\n\t\t\t\t\t\t\t<i class=\"fa fa-\"><\/i>\n\t\t\t\t\t\t<\/span>\n\t\t\t\t\t<\/div><\/div><div class=\"one-half\"><div class=\"vc_empty_space\"  style=\"height: 32px\" ><span class=\"vc_empty_space_inner\"><\/span><\/div>\n\n\n\t<div class=\"wpb_single_image wpb_content_element animate_aft d3 align_center\">\n\t\t<div class=\"wpb_wrapper\">\n\t\t\t<img width=\"300\" height=\"65\" src=\"https:\/\/depilsoft.com.br\/index\/wp-content\/uploads\/2013\/10\/agende-300x65.png\" class=\"attachment-medium size-medium\" alt=\"\" loading=\"lazy\" srcset=\"https:\/\/depilsoft.com.br\/index\/wp-content\/uploads\/2013\/10\/agende-300x65.png 300w, https:\/\/depilsoft.com.br\/index\/wp-content\/uploads\/2013\/10\/agende-150x32.png 150w, https:\/\/depilsoft.com.br\/index\/wp-content\/uploads\/2013\/10\/agende.png 580w\" sizes=\"(max-width: 300px) 100vw, 300px\" \/>\n\t\t<\/div> \n\t<\/div> <div class=\"vc_empty_space\"  style=\"height: 32px\" ><span class=\"vc_empty_space_inner\"><\/span><\/div>\n\n\n\t<div class=\"wpb_raw_code wpb_content_element wpb_raw_html\">\n\t\t<div class=\"wpb_wrapper\">\n\t\t\t<div class=\"nm_form_holder\" id=\"nm_agenda\"><form action=\"#nm_response\" enctype=\"multipart\/form-data\" method=\"POST\"><input type=\"hidden\" name=\"nm_nonce\" value=\"76ec6c5185\"><ul class=\"nm_form\" id=\"agenda\"><li class=\"\"><input  type=\"text\" name=\"nm_field_1\" placeholder=\"Nome\" value=\"\"><\/li><li class=\"\"><input  type=\"text\" name=\"nm_field_2\" placeholder=\"Seu fone ou Whatsapp\" value=\"\"><\/li><li class=\"\"><select name=\"nm_field_8\"><option value=\"Feminino\" >Feminino<\/option><option value=\"Masculino\" >Masculino<\/option><\/select><\/li><li class=\"\"><input  type=\"text\" name=\"nm_field_3\" placeholder=\"Servi\u00e7os de interesse\" value=\"\"><\/li><li class=\"\"><select name=\"nm_field_4\"><option value=\"\">Qual a unidade mais pr\u00f3xima?<\/option><option value=\"S\u00e3o Pedro 648 (Atr\u00e1s do Shopping P\u00e1tio Bel\u00e9m )\" >S\u00e3o Pedro 648 (Atr\u00e1s do Shopping P\u00e1tio Bel\u00e9m )<\/option><option value=\"14 de Mar\u00e7o 1027\/1033 - Umarizal\" >14 de Mar\u00e7o 1027\/1033 - Umarizal<\/option><option value=\"Tv. 14 de Abril, 1756. (S\u00e3o Br\u00e1s)\" >Tv. 14 de Abril, 1756. (S\u00e3o Br\u00e1s)<\/option><\/select><\/li><li class=\"\"><input  type=\"text\" name=\"nm_field_7\" placeholder=\"Dia e hor\u00e1rio\" value=\"\"><\/li><li class=\"\"><div class=\"g-recaptcha\" data-sitekey=\"6LegtrQUAAAAANr4vYEUHF3TPjjrxaN2GRe7T2NK\"><\/div><\/li><li class=\"\"><button type=\"submit\">Agendar<\/button><\/li><\/ul><\/form><\/div>\n\t\t<\/div> \n\t<\/div> <\/div><div class=\"one-quarter\"><div class=\"g-hr no_icon\">\n\t\t\t\t\t\t<span class=\"g-hr-h\">\n\t\t\t\t\t\t\t<i class=\"fa fa-\"><\/i>\n\t\t\t\t\t\t<\/span>\n\t\t\t\t\t<\/div><\/div><\/div><\/div><\/div><script type='text\/javascript'>jQuery(document).ready(function(){ jQuery('#section_176280 .l-submain-img').parallax('50%', '0.6'); });<\/script>","protected":false},"excerpt":{"rendered":"[section background=\"\" img=\"\" full_width=\"1\" full_height=\"1\"] Caption Text1 .tp-caption.black,.black{color:#000;text-shadow:none} \/****************************************** - PREPARE PLACEHOLDER FOR SLIDER - ******************************************\/ var setREVStartSize = function() { var tpopt = new Object(); tpopt.startwidth = 1500; tpopt.startheight = 700; tpopt.container = jQuery('#rev_slider_1_2'); tpopt.fullScreen = \"off\"; tpopt.forceFullWidth=\"off\"; tpopt.container.closest(\".rev_slider_wrapper\").css({height:tpopt.container.height()});tpopt.width=parseInt(tpopt.container.width(),0);tpopt.height=parseInt(tpopt.container.height(),0);tpopt.bw=tpopt.width\/tpopt.startwidth;tpopt.bh=tpopt.height\/tpopt.startheight;if(tpopt.bh>tpopt.bw)tpopt.bh=tpopt.bw;if(tpopt.bh1){tpopt.bw=1;tpopt.bh=1}tpopt.height=Math.round(tpopt.startheight*(tpopt.width\/tpopt.startwidth));if(tpopt.height>tpopt.startheight&&tpopt.autoHeight!=\"on\")tpopt.height=tpopt.startheight;if(tpopt.fullScreen==\"on\"){tpopt.height=tpopt.bw*tpopt.startheight;var...","protected":false},"author":1,"featured_media":0,"parent":0,"menu_order":0,"comment_status":"open","ping_status":"open","template":"","meta":[],"_links":{"self":[{"href":"https:\/\/depilsoft.com.br\/index\/wp-json\/wp\/v2\/pages\/1546"}],"collection":[{"href":"https:\/\/depilsoft.com.br\/index\/wp-json\/wp\/v2\/pages"}],"about":[{"href":"https:\/\/depilsoft.com.br\/index\/wp-json\/wp\/v2\/types\/page"}],"author":[{"embeddable":true,"href":"https:\/\/depilsoft.com.br\/index\/wp-json\/wp\/v2\/users\/1"}],"replies":[{"embeddable":true,"href":"https:\/\/depilsoft.com.br\/index\/wp-json\/wp\/v2\/comments?post=1546"}],"version-history":[{"count":79,"href":"https:\/\/depilsoft.com.br\/index\/wp-json\/wp\/v2\/pages\/1546\/revisions"}],"predecessor-version":[{"id":3507,"href":"https:\/\/depilsoft.com.br\/index\/wp-json\/wp\/v2\/pages\/1546\/revisions\/3507"}],"wp:attachment":[{"href":"https:\/\/depilsoft.com.br\/index\/wp-json\/wp\/v2\/media?parent=1546"}],"curies":[{"name":"wp","href":"https:\/\/api.w.org\/{rel}","templated":true}]}}