{"id":3252,"date":"2019-08-02T17:11:50","date_gmt":"2019-08-02T20:11:50","guid":{"rendered":"https:\/\/depilsoft.com.br\/index\/?page_id=3252"},"modified":"2023-09-12T17:10:40","modified_gmt":"2023-09-12T20:10:40","slug":"contatos","status":"publish","type":"page","link":"https:\/\/depilsoft.com.br\/index\/contatos\/","title":{"rendered":"Contatos"},"content":{"rendered":"<div class=\"l-submain\"><div class=\"l-submain-h g-html i-cf\"><div class=\"g-cols offset_default\"><div class=\"full-width\">\n\t<div class=\"wpb_text_column \">\n\t\t<div class=\"wpb_wrapper\">\n\t\t\t\n<h1 style=\"text-align: center;\">Entre em contato conosco por um dos nossos canais de comunica\u00e7\u00e3o.<\/h1>\n\n\t\t<\/div> \n\t<\/div> <div class=\"vc_empty_space\"  style=\"height: 32px\" ><span class=\"vc_empty_space_inner\"><\/span><\/div>\n\n<\/div><\/div><div class=\"g-cols offset_default\"><div class=\"one-half\"><div class=\"w-iconbox iconpos_top with_circle\">\n\t\t\t\t\t\t<span class=\"w-iconbox-nolink\">\n\t\t\t\t\t\t<div class=\"w-iconbox-icon\">\n\t\t\t\t\t\t\t<i class=\"fa fa-envelope\"><\/i>\t<\/div>\n\t\t\t\t\t\t<h4 class=\"w-iconbox-title\">Envie uma mensagem<\/h4>\n\t\t\t\t\t\t<\/span>\n\t\t\t\t\t\t<div class=\"w-iconbox-text\">\n\t\t\t\t\t\t\t<p>Vamos responder todas as suas perguntas!<\/p>\n\t\t\t\t\t\t<\/div>\n\t\t\t\t\t<\/div>\n\t<div class=\"wpb_raw_code wpb_content_element wpb_raw_html\">\n\t\t<div class=\"wpb_wrapper\">\n\t\t\t<div class=\"nm_form_holder\" id=\"nm_contato\"><form action=\"#nm_response\" enctype=\"multipart\/form-data\" method=\"POST\"><input type=\"hidden\" name=\"nm_nonce\" value=\"6187cf0a66\"><ul class=\"nm_form\" id=\"contato\"><li class=\"\"><input  type=\"text\" name=\"nm_field_1\" placeholder=\"Nome\" value=\"\"><\/li><li class=\"\"><input  type=\"email\" name=\"nm_field_2\" placeholder=\"Email\" value=\"\"><\/li><li class=\"\"><input  type=\"text\" name=\"nm_field_3\" placeholder=\"Fone \/ Whatsapp\" value=\"\"><\/li><li class=\"\"><label class=\"r_label\"><input type=\"radio\" name=\"nm_field_6\" value=\"Feminino\" >Feminino<\/label><label class=\"r_label\"><input type=\"radio\" name=\"nm_field_6\" value=\"Masculino\" >Masculino<\/label><\/li><li class=\"\"><select name=\"nm_field_5\"><option value=\"\">Para qual unidade DepilSoft \u00e9 a mensagem?<\/option><option value=\"S\u00e3o Pedro 648 (Atr\u00e1s do Shopping P\u00e1tio Bel\u00e9m )\" >S\u00e3o Pedro 648 (Atr\u00e1s do Shopping P\u00e1tio Bel\u00e9m )<\/option><option value=\"14 de Mar\u00e7o 1027\/1033 - Umarizal\" >14 de Mar\u00e7o 1027\/1033 - Umarizal<\/option><option value=\"Tv. 14 de Abril, 1756. \" >Tv. 14 de Abril, 1756. <\/option><\/select><\/li><li class=\"\"><textarea   name=\"nm_field_4\" placeholder=\"Mensagem\"><\/textarea><\/li><li class=\"\"><div class=\"g-recaptcha\" data-sitekey=\"6LegtrQUAAAAANr4vYEUHF3TPjjrxaN2GRe7T2NK\"><\/div><\/li><li class=\"\"><button type=\"submit\">Enviar<\/button><\/li><\/ul><\/form><\/div>\n\t\t<\/div> \n\t<\/div> <\/div><div class=\"one-half\"><div class=\"w-iconbox iconpos_top with_circle\">\n\t\t\t\t\t\t<span class=\"w-iconbox-nolink\">\n\t\t\t\t\t\t<div class=\"w-iconbox-icon\">\n\t\t\t\t\t\t\t<i class=\"fa fa-whatsapp\"><\/i>\t<\/div>\n\t\t\t\t\t\t<h4 class=\"w-iconbox-title\">Manda um zap pra gente<\/h4>\n\t\t\t\t\t\t<\/span>\n\t\t\t\t\t\t<div class=\"w-iconbox-text\">\n\t\t\t\t\t\t\t<p>\n<p>(91) 98248-7870<\/p>\n<\/p>\n\t\t\t\t\t\t<\/div>\n\t\t\t\t\t<\/div><\/div><\/div>\n<\/div><\/div>","protected":false},"excerpt":{"rendered":"Entre em contato conosco por um dos nossos canais de comunica\u00e7\u00e3o. Envie uma mensagem Vamos responder todas as suas perguntas! [nm_forms id=\"contato\"] Manda um zap pra gente (91) 98248-7870","protected":false},"author":1,"featured_media":0,"parent":0,"menu_order":0,"comment_status":"open","ping_status":"open","template":"","meta":[],"_links":{"self":[{"href":"https:\/\/depilsoft.com.br\/index\/wp-json\/wp\/v2\/pages\/3252"}],"collection":[{"href":"https:\/\/depilsoft.com.br\/index\/wp-json\/wp\/v2\/pages"}],"about":[{"href":"https:\/\/depilsoft.com.br\/index\/wp-json\/wp\/v2\/types\/page"}],"author":[{"embeddable":true,"href":"https:\/\/depilsoft.com.br\/index\/wp-json\/wp\/v2\/users\/1"}],"replies":[{"embeddable":true,"href":"https:\/\/depilsoft.com.br\/index\/wp-json\/wp\/v2\/comments?post=3252"}],"version-history":[{"count":11,"href":"https:\/\/depilsoft.com.br\/index\/wp-json\/wp\/v2\/pages\/3252\/revisions"}],"predecessor-version":[{"id":3489,"href":"https:\/\/depilsoft.com.br\/index\/wp-json\/wp\/v2\/pages\/3252\/revisions\/3489"}],"wp:attachment":[{"href":"https:\/\/depilsoft.com.br\/index\/wp-json\/wp\/v2\/media?parent=3252"}],"curies":[{"name":"wp","href":"https:\/\/api.w.org\/{rel}","templated":true}]}}