{"id":3256,"date":"2019-08-02T17:15:44","date_gmt":"2019-08-02T20:15:44","guid":{"rendered":"https:\/\/depilsoft.com.br\/index\/?page_id=3256"},"modified":"2019-08-26T21:14:15","modified_gmt":"2019-08-27T00:14:15","slug":"agenda","status":"publish","type":"page","link":"https:\/\/depilsoft.com.br\/index\/agenda\/","title":{"rendered":"Agenda"},"content":{"rendered":"<div class=\"l-submain\"><div class=\"l-submain-h g-html i-cf\"><div class=\"g-cols offset_default\"><div class=\"one-quarter\"><div class=\"g-hr no_icon\">\n\t\t\t\t\t\t<span class=\"g-hr-h\">\n\t\t\t\t\t\t\t<i class=\"fa fa-\"><\/i>\n\t\t\t\t\t\t<\/span>\n\t\t\t\t\t<\/div><\/div><div class=\"one-half\">\n\t<div class=\"wpb_text_column \">\n\t\t<div class=\"wpb_wrapper\">\n\t\t\t\n<h1 style=\"text-align: center;\">Garanta j\u00e1 uma pele suave e linda. Reserve seu hor\u00e1rio conosco.<\/h1>\n\n\t\t<\/div> \n\t<\/div> \n\t<div class=\"wpb_raw_code wpb_content_element wpb_raw_html\">\n\t\t<div class=\"wpb_wrapper\">\n\t\t\t<div class=\"nm_form_holder\" id=\"nm_agenda\"><form action=\"#nm_response\" enctype=\"multipart\/form-data\" method=\"POST\"><input type=\"hidden\" name=\"nm_nonce\" value=\"44ed5cfe67\"><ul class=\"nm_form\" id=\"agenda\"><li class=\"\"><input  type=\"text\" name=\"nm_field_1\" placeholder=\"Nome\" value=\"\"><\/li><li class=\"\"><input  type=\"text\" name=\"nm_field_2\" placeholder=\"Seu fone ou Whatsapp\" value=\"\"><\/li><li class=\"\"><select name=\"nm_field_8\"><option value=\"Feminino\" >Feminino<\/option><option value=\"Masculino\" >Masculino<\/option><\/select><\/li><li class=\"\"><input  type=\"text\" name=\"nm_field_3\" placeholder=\"Servi\u00e7os de interesse\" value=\"\"><\/li><li class=\"\"><select name=\"nm_field_4\"><option value=\"\">Qual a unidade mais pr\u00f3xima?<\/option><option value=\"S\u00e3o Pedro 648 (Atr\u00e1s do Shopping P\u00e1tio Bel\u00e9m )\" >S\u00e3o Pedro 648 (Atr\u00e1s do Shopping P\u00e1tio Bel\u00e9m )<\/option><option value=\"14 de Mar\u00e7o 1027\/1033 - Umarizal\" >14 de Mar\u00e7o 1027\/1033 - Umarizal<\/option><option value=\"Tv. 14 de Abril, 1756. (S\u00e3o Br\u00e1s)\" >Tv. 14 de Abril, 1756. (S\u00e3o Br\u00e1s)<\/option><\/select><\/li><li class=\"\"><input  type=\"text\" name=\"nm_field_7\" placeholder=\"Dia e hor\u00e1rio\" value=\"\"><\/li><li class=\"\"><div class=\"g-recaptcha\" data-sitekey=\"6LegtrQUAAAAANr4vYEUHF3TPjjrxaN2GRe7T2NK\"><\/div><\/li><li class=\"\"><button type=\"submit\">Agendar<\/button><\/li><\/ul><\/form><\/div>\n\t\t<\/div> \n\t<\/div> <\/div><div class=\"one-quarter\"><div class=\"g-hr no_icon\">\n\t\t\t\t\t\t<span class=\"g-hr-h\">\n\t\t\t\t\t\t\t<i class=\"fa fa-\"><\/i>\n\t\t\t\t\t\t<\/span>\n\t\t\t\t\t<\/div><\/div><\/div>\n<\/div><\/div>","protected":false},"excerpt":{"rendered":"Garanta j\u00e1 uma pele suave e linda. Reserve seu hor\u00e1rio conosco. [nm_forms id=\"agenda\"]","protected":false},"author":1,"featured_media":0,"parent":0,"menu_order":0,"comment_status":"open","ping_status":"open","template":"","meta":[],"_links":{"self":[{"href":"https:\/\/depilsoft.com.br\/index\/wp-json\/wp\/v2\/pages\/3256"}],"collection":[{"href":"https:\/\/depilsoft.com.br\/index\/wp-json\/wp\/v2\/pages"}],"about":[{"href":"https:\/\/depilsoft.com.br\/index\/wp-json\/wp\/v2\/types\/page"}],"author":[{"embeddable":true,"href":"https:\/\/depilsoft.com.br\/index\/wp-json\/wp\/v2\/users\/1"}],"replies":[{"embeddable":true,"href":"https:\/\/depilsoft.com.br\/index\/wp-json\/wp\/v2\/comments?post=3256"}],"version-history":[{"count":4,"href":"https:\/\/depilsoft.com.br\/index\/wp-json\/wp\/v2\/pages\/3256\/revisions"}],"predecessor-version":[{"id":3379,"href":"https:\/\/depilsoft.com.br\/index\/wp-json\/wp\/v2\/pages\/3256\/revisions\/3379"}],"wp:attachment":[{"href":"https:\/\/depilsoft.com.br\/index\/wp-json\/wp\/v2\/media?parent=3256"}],"curies":[{"name":"wp","href":"https:\/\/api.w.org\/{rel}","templated":true}]}}